{"id":2,"date":"2023-02-06T06:27:05","date_gmt":"2023-02-06T05:27:05","guid":{"rendered":"https:\/\/localhost\/bp\/?page_id=2"},"modified":"2023-02-06T12:37:05","modified_gmt":"2023-02-06T11:37:05","slug":"beispiel-seite","status":"publish","type":"page","link":"https:\/\/schomedia.net\/bp\/beispiel-seite\/","title":{"rendered":"Videoschnitt"},"content":{"rendered":"\n<h2 class=\"wp-block-heading\">Edius X<\/h2>\n\n\n\n<p>[EdiusX]<\/p>\n\n\n\n<h1 class=\"wp-block-heading\">EDIUS X Produktbeschreibung<\/h1>\n\n\n\n<p>EDIUS X markiert den Start einer neuen Epoche des nonlinearen Videoschnitts. EDIUS X verf\u00fcgt \u00fcber ein vollst\u00e4ndig neues Core-Design und ein modulares Konzept f\u00fcr einen weiteren Performanceschub individuell anpassbarer Workflows. Seit rund zwei Jahrzehnten wird EDIUS gesch\u00e4tzt f\u00fcr Stabilit\u00e4t, eine Performance, die Ma\u00dfst\u00e4be gesetzt hat und die Vielzahl kreativer Tools. EDIUS kommt zum Einsatz sowohl bei Sendeanstalten und Nachrichtenagenturen, bei Beh\u00f6rden und Unternehmen wie auch bei Filmemachern, Creatern und Video-Enthusiasten.<\/p>\n\n\n\n<p>Das neue modulare Design von EDIUS X erm\u00f6glicht es Grass Valley, den Leistungsumfang und die Workflow-Optionen kontinuierlich zu erweitern. Damit k\u00f6nnen sowohl W\u00fcnsche von Anwendern ber\u00fccksichtigt als auch neue Technologien integriert werden, wie auch die Einbindung von Web-Services wie zum Beispiel maschinelles Lernen. Dies erfolgt im Zuge der kontinuierlichen Weiterentwicklung von EDIUS X. S\u00e4mtliche 10.x Updates stehen den Anwendern von EDIUS X w\u00e4hrend des erwarteten Lifecycles von etwa zwei bis drei Jahren kostenfrei zur Verf\u00fcgung. Anwender erwerben EDIUS X einmalig, erhalten s\u00e4mtliche 10.x Updates kostenlos und behalten die Lizenz und damit EDIUS X f\u00fcr immer.<\/p>\n\n\n\n<h1 class=\"wp-block-heading\">Feature von Edius X Version 10.0<\/h1>\n\n\n\n<p><strong>Features von EDIUS X Version 10.0<\/strong><br><br>Von Beginn an enth\u00e4lt EDIUS X eine Vielzahl innovativer Features. Dazu z\u00e4hlen:<\/p>\n\n\n\n<ul class=\"wp-block-list\">\n<li><strong>Background Rendering:<\/strong> Mit EDIUS X m\u00fcssen Sie Ihren Workflow niemals unterbrechen, denn Ihre Arbeit hat Vorrang vor allen internen Prozessen. Dies garantiert einen dynamisch kreativen Workflow, unterbrechungsfrei und ohne Zwangspausen.<\/li>\n\n\n\n<li><strong>Export:<\/strong>&nbsp;Die neue \u201eBackground Render Engine\u201c eignet sich ebenfalls hervorragend zum Datei-Export. Mit EDIUS X k\u00f6nnen Sie Ihren Schnittprozess auch w\u00e4hrend des Exports fortf\u00fchren. Background<\/li>\n\n\n\n<li><strong>GV Job Monitor<\/strong>: EDIUS X informiert Sie \u00fcber alle aktiven Hintergrundprozesse. Mit dem GV Job Monitor k\u00f6nnen Sie einzelnen Prozesse priorisieren, sofern gew\u00fcnscht.<\/li>\n\n\n\n<li><strong>VST Plugin Unterst\u00fctzung:<\/strong>&nbsp;EDIUS X unterst\u00fctzt zus\u00e4tzliche VST-Plugins. Dies umfasst sowohl die Unterst\u00fctzung von komplexeren Audiofilter, die eine Latenz Kompensation ben\u00f6tigen wie auch die Integration der WaveShell.<\/li>\n\n\n\n<li><strong>Motion Tracker mit Verfolgungsmodus:<\/strong> Mit EDIUS X haften Sie ganz einfach ein Label, eine Animation oder auch einen Videoclip an das getrackte Objekt.<\/li>\n\n\n\n<li><strong>Motion Tracker mit Ankermodus:<\/strong> EDIUS X w\u00e4hlt automatischen einen neuen Bildschirmausschnitt in Relation zum getrackten Objekt. Dies eignet sich hervorragend f\u00fcr die Konvertierung von Bildseitenverh\u00e4ltnissen (zum Beispiel 16\/9 -&gt; 9\/16) oder auch f\u00fcr die Bearbeitung virtueller Multi-Kamera-Drehs.<\/li>\n\n\n\n<li><strong>H.265 Export:<\/strong>&nbsp;EDIUS X erm\u00f6glicht einen ultraschnellen H.265-Datei-Export durch eine umfassende NVIDIA-GPU-Unterst\u00fctzung zur Hardware Beschleunigung.<\/li>\n\n\n\n<li><strong>Optimierte GUI:<\/strong>&nbsp;Die Benutzeroberfl\u00e4che von EDIUS X wurde in ihren Farben optimiert und erscheint nun eine Spur dunkler. Dies macht die Arbeit noch angenehmer kombiniert mit einem coolen Look.<\/li>\n\n\n\n<li><strong>Reduzierte Vorschauqualit\u00e4t:<\/strong>&nbsp;In EDIUS X erh\u00e4lt nun auch die EDIUS X Pro die M\u00f6glichkeit, die Aufl\u00f6sung der Vorschau zu reduzieren um mehr Echtzeitleistung zu erhalten. Bisher war diese Funktion der Workgroup Version vorbehalten.<\/li>\n\n\n\n<li><strong>8K Unterst\u00fctzung:<\/strong>&nbsp;EDIUS X Workgroup bietet nun Projekteinstellungen und Dateiausgabe in bis zu 8K Aufl\u00f6sung.<\/li>\n\n\n\n<li><strong>Optimierte Performance:<\/strong> EDIUS X steht f\u00fcr Performance und ein zukunftssicheres Design. EDIUS X ben\u00f6tigt Windows 10 und nutzt fortgeschrittene Technologien optimal. Dies umfasst Hardwarebeschleunigung wie durch Intel QuickSync und eine umfassende GPU-Unterst\u00fctzung. Das neue modulare Design erlaubt zudem eine noch effizientere Nutzung von Mehrkern-CPUs als jemals zuvor.<\/li>\n\n\n\n<li><strong>Optimierte Audio Sync Performance:<\/strong>&nbsp;EDIUS X bietet eine noch schnellere automatische Audio-Synchronisierung s\u00e4mtlicher Clips eines Multi-Kamera-Projektes f\u00fcr ein nochmals gesteigertes Multi-Cam-Schnitterlebnis.<\/li>\n\n\n\n<li><strong>Native Unterst\u00fctzung neuester Kameras und Codecs:<\/strong>&nbsp;EDIUS X unterst\u00fctzt die neuesten Codecs und Kameras zeitnah wie kein anderes Schnittprogramm. Sie m\u00fcssen Ihre Aufnahmen nicht erst umst\u00e4ndlich transkodieren, stattdessen k\u00f6nnen Sie sofort mit dem Schnitt beginnen!<\/li>\n\n\n\n<li><strong>Kontinuierliche Weiterentwicklung:<\/strong> EDIUS X wird mit seinen Features und kreativen Tools kontinuierlich wachsen und mit jedem Update erweiterte M\u00f6glichkeiten bieten. EDIUS X Anwender profitieren von allen EDIUS 10.x Updates, die w\u00e4hrend des Lifecycles von EDIUS X entwickelt und zum kostenlosen Download bereitgestellt werden.<\/li>\n<\/ul>\n\n\n\n<p>EDIUS X enth\u00e4lt ein hochwertiges Bundle mit drei neuen Modulen zur Optimierung von Audio, zur Titelerstellung und der Gestaltung von Videoeffekten. Alle Module wurden speziell angepasst, um die Vorteile des neuen EDIUS X Core Designs optimal zu nutzen. Dies sind:<\/p>\n\n\n\n<ul class=\"wp-block-list\">\n<li><strong>Audio Optimierung:<\/strong>&nbsp;Mit EDIUS X erhalten Sie die exklusive EDIUS Editions von Acon Digital: <strong>Compress<\/strong>, <strong>DeNoise<\/strong>, <strong>DeVerberate<\/strong> und <strong>Limit<\/strong>. Diese leistungsstarken Audio Filter funktionieren \u00e4hnlichen einem Schweizer Taschenmesser unkompliziert und schnell, wann immer es um die Korrektur und Optimierung von Audiosignalen geht.<\/li>\n\n\n\n<li><strong>Professionelles Titling<\/strong>:&nbsp;EDIUS X enth\u00e4lt den NewBlue Titler Pro 7 in einer speziellen f\u00fcr EDIUS X optimierten Version inklusive erweitertem Vorlagenpaket. Dies Optimierung f\u00fcr beste Stabilit\u00e4t und Performance. Der Titler Pro 7 EDIUS Edition bietet neue Handling- und Designfeatures f\u00fcr die professionelle Erstellung von Titeln, animierten Grafiken, Rolltiteln und Bauchbinden.<\/li>\n\n\n\n<li><strong>Video Effekte &amp; Seamless Transitions:<\/strong> EDIUS X enth\u00e4lt die proDAD Vitascene V4 EDIUS Edition mit \u00fcber 100 nahtlosen \u00dcbergangseffekten. S\u00e4mtliche Presets k\u00f6nnen angepasst und auf die individuelle Szene zugeschnitten werden. Die Seamless Transitions lassen sich auch hervorragend zur Animation von Titeln und Grafiken anwenden. Die proDAD Vitascene V4 EDIUS Edition enth\u00e4lt dar\u00fcber hinaus \u00fcber 250 hochwertige Filter und \u00dcbergangseffekte von Vitascene 3 LE.<\/li>\n<\/ul>\n\n\n\n<p>Der regul\u00e4re Verkaufspreis der aufgef\u00fchrten Module liegt allein bei \u00fcber 600 \u20ac. Mit EDIUS X erhalten Sie all diese L\u00f6sungen kostenlos als Bestandteil des EDIUS X Pakets.<br><br><strong>Ausblick: EDIUS X Version 10.x Kontinuierliche Entwicklung<\/strong><br><br>Mit den kommenden EDIUS 10.x Releases wird Grass Valley EDIUS X kontinuierlich mit neuen Funktionen und Workflow Optionen erweitern. Anwender erhalten die EDIUS 10.x Updates \u00fcber den erwarteten EDIUS X Lifecycle von zwei bis drei Jahren kostenfrei zum Download. EDIUS X ist ein Meilenstein und das erste Release der neuesten Generation der Schnittl\u00f6sung von Grass Valley. Deshalb d\u00fcrfen Anwender von EDIUS X \u00fcber neue Funktionen hinaus erweiterte und vollkommen neue Workflow Optionen erwarten. <strong>Die geplanten kostenfreies Updates werden unter anderem enthalten<\/strong>:<\/p>\n\n\n\n<ul class=\"wp-block-list\">\n<li><strong>Teamwork Funktionen \u2013 Teilen von Content und Projekten.<\/strong><\/li>\n\n\n\n<li><strong>Erweiterte Workflow Optionen durch Einbeziehung der Cloud.<\/strong><\/li>\n\n\n\n<li><strong>Intelligentes Metadaten-Handling f\u00fcr ein optimiertes Medienmanagement.<\/strong><\/li>\n\n\n\n<li><strong>Diagnose und automatische Bulk-Optimierung von Audio- und Videodateien.<\/strong><\/li>\n\n\n\n<li><strong>Erweitertes SDK und neue Rest-API<\/strong> f\u00fcr Drittanbieter f\u00fcr eine nahtlose Integration.<\/li>\n<\/ul>\n\n\n\n<p>Das erweiterte SDK macht EDIUS 10.x zu einem perfekten Partner f\u00fcr erg\u00e4nzende L\u00f6sungen dank einer nahtlosen Integration. Dies wird auch die Einbindung von Cloud-Services erlauben und Methoden des maschinellen Lernens. L\u00f6sungen von Drittanbietern werden mit EDIUS X \u00fcber die neue Rest-API kommunizieren k\u00f6nnen. Dies wird die Erstellung ma\u00dfgeschneiderter Applikationen erlauben und die M\u00f6glichkeiten noch zus\u00e4tzlich erweitern. Cloud basierende Maschinenlern-Skills k\u00f6nnten zuk\u00fcnftige Dienste wie Audio-Transkriptionen und Objekterkennungs-Services erm\u00f6glichen kombiniert mit einem automatisierten Metadaten-Tagging im Dialog mit EDIUS, Mync und anderen kompatiblen MAM-Systemen durch den neuen EDIUS Hub.<\/p>\n\n\n\n<p>Wir laden Sie ein mit EDIUS X an dieser Entwicklung teilzuhaben. Finden Sie selbst heraus, wie sehr Ihre Arbeit von EDIUS X and den vielen neuen M\u00f6glichkeiten profitieren wird.<br>Weitere Information zu EDIUS X, Trial-Versionen, kostenlose Lernkurse, Podcasts und den Kontakt zu autorisierten EDIUS H\u00e4ndlern in Ihrer N\u00e4he finden Sie unter www.EDIUS.de<\/p>\n","protected":false},"excerpt":{"rendered":"<p>Edius X [EdiusX] EDIUS X Produktbeschreibung EDIUS X markiert den Start einer neuen Epoche des nonlinearen Videoschnitts. EDIUS X verf\u00fcgt \u00fcber ein vollst\u00e4ndig neues Core-Design und ein modulares Konzept f\u00fcr einen weiteren Performanceschub individuell anpassbarer Workflows. Seit rund zwei Jahrzehnten wird EDIUS gesch\u00e4tzt f\u00fcr Stabilit\u00e4t, eine Performance, die Ma\u00dfst\u00e4be gesetzt hat und die Vielzahl kreativer [&hellip;]<\/p>\n","protected":false},"author":1,"featured_media":0,"parent":0,"menu_order":0,"comment_status":"closed","ping_status":"open","template":"","meta":{"footnotes":""},"class_list":["post-2","page","type-page","status-publish","hentry"],"_links":{"self":[{"href":"https:\/\/schomedia.net\/bp\/wp-json\/wp\/v2\/pages\/2","targetHints":{"allow":["GET"]}}],"collection":[{"href":"https:\/\/schomedia.net\/bp\/wp-json\/wp\/v2\/pages"}],"about":[{"href":"https:\/\/schomedia.net\/bp\/wp-json\/wp\/v2\/types\/page"}],"author":[{"embeddable":true,"href":"https:\/\/schomedia.net\/bp\/wp-json\/wp\/v2\/users\/1"}],"replies":[{"embeddable":true,"href":"https:\/\/schomedia.net\/bp\/wp-json\/wp\/v2\/comments?post=2"}],"version-history":[{"count":2,"href":"https:\/\/schomedia.net\/bp\/wp-json\/wp\/v2\/pages\/2\/revisions"}],"predecessor-version":[{"id":46,"href":"https:\/\/schomedia.net\/bp\/wp-json\/wp\/v2\/pages\/2\/revisions\/46"}],"wp:attachment":[{"href":"https:\/\/schomedia.net\/bp\/wp-json\/wp\/v2\/media?parent=2"}],"curies":[{"name":"wp","href":"https:\/\/api.w.org\/{rel}","templated":true}]}}